{"id":106,"date":"2020-01-31T10:18:21","date_gmt":"2020-01-31T09:18:21","guid":{"rendered":"http:\/\/unlienversoi.com\/?page_id=106"},"modified":"2022-09-12T10:25:59","modified_gmt":"2022-09-12T08:25:59","slug":"enfants","status":"publish","type":"page","link":"https:\/\/unlienversoi.com\/index.php\/enfants\/","title":{"rendered":"Ateliers Enfants"},"content":{"rendered":"<!--themify_builder_content-->\n<div id=\"themify_builder_content-106\" data-postid=\"106\" class=\"themify_builder_content themify_builder_content-106 themify_builder tf_clear\">\n    \t\t\t\t<div  data-lazy=\"1\" class=\"module_row themify_builder_row tb_30d3814 tb_first tf_w\">\n\t\t\t\t\t\t<div class=\"row_inner col_align_top tb_col_count_1 tf_box tf_rel\">\n\t\t\t\t\t\t<div  data-lazy=\"1\" class=\"module_column tb-column col-full tb_wktj815 first\">\n\t\t\t\t\t<div  class=\"module themify_builder_slider_wrap tf_clearfix module-slider tb_ikda2  slider-default  \" data-lazy=\"1\">\n        <div class=\"themify_builder_slider tf_carousel tf_swiper-container tf_rel tf_overflow\" data-lazy=\"1\"\t\tdata-visible=\"1\"\n\t\tdata-tab-visible=\"\"\n\t\tdata-mob-visible=\"0\"\n\t\tdata-scroll=\"1\"\n\t\t\t\t\t\tdata-speed=\"normal\"\n\t\tdata-wrapvar=\"0\"\n\t\tdata-slider_nav=\"0\"\n\t\tdata-pager=\"0\"\n\t\tdata-effect=\"scroll\" \n\t\tdata-height=\"variable\"\n\t\tdata-css_url=\"https:\/\/unlienversoi.com\/wp-content\/plugins\/themify-builder\/css\/modules\/sliders\/carousel,https:\/\/unlienversoi.com\/wp-content\/plugins\/themify-builder\/css\/modules\/sliders\/slider\"\n\t\t\t>\n\t\t<div class=\"tf_swiper-wrapper tf_lazy tf_rel tf_w tf_h tf_textc\">\n\t                     <div class=\"tf_swiper-slide\">            <div class=\"slide-inner-wrap\">\n                                    <div class=\"tf_rel tf_lazy slide-image\">\n                                                                            <img src=\"data:image\/svg+xml,%3Csvg xmlns=%27http:\/\/www.w3.org\/2000\/svg%27%20width='2560'%20height='1707'%20 viewBox=%270 0 2560 1707%27%3E%3C\/svg%3E\" loading=\"lazy\" data-lazy=\"1\" data-tf-not-load=\"1\" class=\"tf_svg_lazy\" style=\"background:linear-gradient(to right,#3c370f 25%,#e7c1aa 25% 50%,#261e0b 50% 75%,#282506 75%),linear-gradient(to right,#312413 25%,#cf8e78 25% 50%,#403732 50% 75%,#0a0502 75%),linear-gradient(to right,#a38376 25%,#acbdd9 25% 50%,#cdafa4 50% 75%,#22180c 75%),linear-gradient(to right,#867063 25%,#57362f 25% 50%,#d3c9c8 50% 75%,#b1b3bf 75%)\" decoding=\"async\" data-tf-src=\"http:\/\/unlienversoi.com\/wp-content\/uploads\/2020\/01\/2-girls-hugging-each-other-outdoor-during-daytime-225017-scaled.jpg\" width=\"2560\" height=\"1707\" title=\"Ateliers Enfants\" alt=\"Ateliers Enfants\"><noscript><img loading=\"lazy\" decoding=\"async\" data-tf-not-load data-no-script src=\"http:\/\/unlienversoi.com\/wp-content\/uploads\/2020\/01\/2-girls-hugging-each-other-outdoor-during-daytime-225017-scaled.jpg\" width=\"2560\" height=\"1707\" title=\"Ateliers Enfants\" alt=\"Ateliers Enfants\"><\/noscript>                                            <\/div>\n                \n                            <\/div>\n        <\/div>    \t    <\/div>\n    <\/div>\n<\/div>\n<!-- module text -->\n<div  class=\"module module-text tb_4nf044   \" data-lazy=\"1\">\n\t<h3 class=\"module-title\">Ateliers enfants<\/h3>    <div  class=\"tb_text_wrap\">\n\t\t<p>J&#8217;ai eu l&#8217;opportunit\u00e9 en 2019\/2020 de suivre la formation SEVE (savoir \u00eatre et vivre ensemble) de Fr\u00e9d\u00e9ric Lenoir qui m&#8217;a ouvert les yeux sur mon plaisir grandissant \u00e0 philosopher.<\/p>\n<p>Cette formation nous apporte des notions de philosophie sur les grands courants de pens\u00e9e, mais elle vise surtout \u00e0 nous apprendre \u00e0 mener un d\u00e9bat dans la bienveillance avec les enfants. Amener les enfants \u00e0 r\u00e9fl\u00e9chir par eux-m\u00eame sur une question philosophique construite ensemble, \u00e0 s&#8217;\u00e9couter, \u00e0 interagir entre eux, \u00e0 favoriser le langage et la prise de parole en groupe et \u00e0 argumenter.<\/p>\n<p>Comprendre que nous pouvons tous avoir des avis diff\u00e9rents mais que nous pouvons \u00e9galement en discuter. Tout ceci ouvre les esprits et les consciences de nos enfants et pousse leur r\u00e9flexion. On construit ensemble, \u00e0 partir de pens\u00e9es personnelles, une pens\u00e9e plus large n\u00e9e des id\u00e9es communes et des opinions \u00e9chang\u00e9es.\u00a0<\/p>\n<p>Il me semble essentiel aujourd&#8217;hui d&#8217;\u00eatre active et pr\u00e9sente autour des enfants. Leur apporter ce temps n\u00e9cessaire pour bien grandir dans leur corps et dans leur t\u00eate.<\/p>\n<p>Je propose un atelier d&#8217;expression corporel (danse, chant, th\u00e9\u00e2tre) ainsi qu&#8217;une gymnastique de l&#8217;esprit gr\u00e2ce \u00e0 la philosophie.<\/p>\n<p>.<\/p>    <\/div>\n<\/div>\n<!-- \/module text -->\t\t<\/div>\n\t\t\t\t\t\t<\/div>\n\t\t<\/div>\n\t\t\t\t\t\t<div  data-lazy=\"1\" class=\"module_row themify_builder_row tb_r9mb850 tf_w\">\n\t\t\t\t\t\t<div class=\"row_inner col_align_top tb_col_count_1 tf_box tf_rel\">\n\t\t\t\t\t\t<div  data-lazy=\"1\" class=\"module_column tb-column col-full tb_8gce853 first\">\n\t\t\t\t\t<!-- module text -->\n<div  class=\"module module-text tb_5lx8429   \" data-lazy=\"1\">\n\t<h3 class=\"module-title\">Informations<\/h3>    <div  class=\"tb_text_wrap\">\n\t\t<p><strong>ATELIERS PHILO, YOGA ET DANSE POUR LES ENFANTS<br \/><\/strong> &#8221; Exprime toi !&#8221; Par le corps et par les mots.<br \/><strong>Les vendredis de 15h \u00e0 16h15.<\/strong><\/p>\n<p>LIEU<br \/>\u00c9cole de Vaour et de Penne.<\/p>\n<hr \/>\n<p>\u00a0<\/p>\n<p>\u00a0<\/p>\n<p><a href=\"http:\/\/unlienversoi.com\/\">&lt; RETOUR<\/a><\/p>    <\/div>\n<\/div>\n<!-- \/module text -->\t\t<\/div>\n\t\t\t\t\t\t<\/div>\n\t\t<\/div>\n\t\t<\/div>\n<!--\/themify_builder_content-->","protected":false},"excerpt":{"rendered":"<p>J&#8217;ai eu l&#8217;opportunit\u00e9 en 2019\/2020 de suivre la formation SEVE (savoir \u00eatre et vivre ensemble) de Fr\u00e9d\u00e9ric Lenoir qui m&#8217;a ouvert les yeux sur mon plaisir grandissant \u00e0 philosopher. Cette formation nous apporte des notions de philosophie sur les grands courants de pens\u00e9e, mais elle vise surtout \u00e0 nous apprendre \u00e0 mener un d\u00e9bat dans [&hellip;]<\/p>\n","protected":false},"author":1,"featured_media":0,"parent":0,"menu_order":0,"comment_status":"closed","ping_status":"closed","template":"","meta":{"footnotes":""},"builder_content":"<img src=\"data:image\/svg+xml,%3Csvg xmlns=%27http:\/\/www.w3.org\/2000\/svg%27%20width='2560'%20height='1707'%20 viewBox=%270 0 2560 1707%27%3E%3C\/svg%3E\" loading=\"lazy\" data-lazy=\"1\" data-tf-not-load=\"1\" style=\"background:linear-gradient(to right,#3c370f 25%,#e7c1aa 25% 50%,#261e0b 50% 75%,#282506 75%),linear-gradient(to right,#312413 25%,#cf8e78 25% 50%,#403732 50% 75%,#0a0502 75%),linear-gradient(to right,#a38376 25%,#acbdd9 25% 50%,#cdafa4 50% 75%,#22180c 75%),linear-gradient(to right,#867063 25%,#57362f 25% 50%,#d3c9c8 50% 75%,#b1b3bf 75%)\" decoding=\"async\" data-tf-src=\"http:\/\/unlienversoi.com\/wp-content\/uploads\/2020\/01\/2-girls-hugging-each-other-outdoor-during-daytime-225017-scaled.jpg\" width=\"2560\" height=\"1707\" title=\"Ateliers Enfants\" alt=\"Ateliers Enfants\"><noscript><img data-tf-not-load data-no-script src=\"http:\/\/unlienversoi.com\/wp-content\/uploads\/2020\/01\/2-girls-hugging-each-other-outdoor-during-daytime-225017-scaled.jpg\" width=\"2560\" height=\"1707\" title=\"Ateliers Enfants\" alt=\"Ateliers Enfants\"><\/noscript>\n<h3>Ateliers enfants<\/h3> <p>J'ai eu l'opportunit\u00e9 en 2019\/2020 de suivre la formation SEVE (savoir \u00eatre et vivre ensemble) de Fr\u00e9d\u00e9ric Lenoir qui m'a ouvert les yeux sur mon plaisir grandissant \u00e0 philosopher.<\/p> <p>Cette formation nous apporte des notions de philosophie sur les grands courants de pens\u00e9e, mais elle vise surtout \u00e0 nous apprendre \u00e0 mener un d\u00e9bat dans la bienveillance avec les enfants. Amener les enfants \u00e0 r\u00e9fl\u00e9chir par eux-m\u00eame sur une question philosophique construite ensemble, \u00e0 s'\u00e9couter, \u00e0 interagir entre eux, \u00e0 favoriser le langage et la prise de parole en groupe et \u00e0 argumenter.<\/p> <p>Comprendre que nous pouvons tous avoir des avis diff\u00e9rents mais que nous pouvons \u00e9galement en discuter. Tout ceci ouvre les esprits et les consciences de nos enfants et pousse leur r\u00e9flexion. On construit ensemble, \u00e0 partir de pens\u00e9es personnelles, une pens\u00e9e plus large n\u00e9e des id\u00e9es communes et des opinions \u00e9chang\u00e9es.\u00a0<\/p> <p>Il me semble essentiel aujourd'hui d'\u00eatre active et pr\u00e9sente autour des enfants. Leur apporter ce temps n\u00e9cessaire pour bien grandir dans leur corps et dans leur t\u00eate.<\/p> <p>Je propose un atelier d'expression corporel (danse, chant, th\u00e9\u00e2tre) ainsi qu'une gymnastique de l'esprit gr\u00e2ce \u00e0 la philosophie.<\/p> <p>.<\/p>\n<h3>Informations<\/h3> <p><strong>ATELIERS PHILO, YOGA ET DANSE POUR LES ENFANTS<br \/><\/strong> \" Exprime toi !\" Par le corps et par les mots.<br \/><strong>Les vendredis de 15h \u00e0 16h15.<\/strong><\/p> <p>LIEU<br \/>\u00c9cole de Vaour et de Penne.<\/p> <hr \/> <p>\u00a0<\/p> <p>\u00a0<\/p> <p><a href=\"http:\/\/unlienversoi.com\/\">&lt; RETOUR<\/a><\/p>","_links":{"self":[{"href":"https:\/\/unlienversoi.com\/index.php\/wp-json\/wp\/v2\/pages\/106"}],"collection":[{"href":"https:\/\/unlienversoi.com\/index.php\/wp-json\/wp\/v2\/pages"}],"about":[{"href":"https:\/\/unlienversoi.com\/index.php\/wp-json\/wp\/v2\/types\/page"}],"author":[{"embeddable":true,"href":"https:\/\/unlienversoi.com\/index.php\/wp-json\/wp\/v2\/users\/1"}],"replies":[{"embeddable":true,"href":"https:\/\/unlienversoi.com\/index.php\/wp-json\/wp\/v2\/comments?post=106"}],"version-history":[{"count":13,"href":"https:\/\/unlienversoi.com\/index.php\/wp-json\/wp\/v2\/pages\/106\/revisions"}],"predecessor-version":[{"id":268,"href":"https:\/\/unlienversoi.com\/index.php\/wp-json\/wp\/v2\/pages\/106\/revisions\/268"}],"wp:attachment":[{"href":"https:\/\/unlienversoi.com\/index.php\/wp-json\/wp\/v2\/media?parent=106"}],"curies":[{"name":"wp","href":"https:\/\/api.w.org\/{rel}","templated":true}]}}