{"id":121,"date":"2020-01-31T11:56:05","date_gmt":"2020-01-31T10:56:05","guid":{"rendered":"http:\/\/unlienversoi.com\/?page_id=121"},"modified":"2023-03-22T23:32:41","modified_gmt":"2023-03-22T22:32:41","slug":"qui-suis-je","status":"publish","type":"page","link":"https:\/\/unlienversoi.com\/","title":{"rendered":"Accueil"},"content":{"rendered":"<!--themify_builder_content-->\n<div id=\"themify_builder_content-121\" data-postid=\"121\" class=\"themify_builder_content themify_builder_content-121 themify_builder tf_clear\">\n    \t\t\t\t<div  data-lazy=\"1\" class=\"module_row themify_builder_row tb_nc9211 tb_first tf_w\">\n\t\t\t\t\t\t<div class=\"row_inner col_align_top tb_col_count_1 tf_box tf_rel\">\n\t\t\t\t\t\t<div  data-lazy=\"1\" class=\"module_column tb-column col-full tb_wrjv11 first\">\n\t\t\t\t\t<div  class=\"module themify_builder_slider_wrap tf_clearfix module-slider tb_wdc7286  slider-default themify_builder_slider_vertical slide-image-fullwidth\" data-lazy=\"1\">\n        <div class=\"themify_builder_slider tf_carousel tf_swiper-container tf_rel tf_overflow\" data-lazy=\"1\"\t\tdata-visible=\"1\"\n\t\tdata-tab-visible=\"\"\n\t\tdata-mob-visible=\"0\"\n\t\tdata-scroll=\"5\"\n\t\t\t\t\tdata-nav_out=\"1\"\n\t\t\t\t\t\t\tdata-auto=\"2000\"\n\t\t\tdata-controller=\"0\"\n\t\t\tdata-pause_hover=\"0\"\n\t\t\t\tdata-speed=\"normal\"\n\t\tdata-wrapvar=\"0\"\n\t\tdata-slider_nav=\"1\"\n\t\tdata-pager=\"0\"\n\t\tdata-effect=\"scroll\" \n\t\tdata-height=\"variable\"\n\t\tdata-css_url=\"https:\/\/unlienversoi.com\/wp-content\/plugins\/themify-builder\/css\/modules\/sliders\/carousel,https:\/\/unlienversoi.com\/wp-content\/plugins\/themify-builder\/css\/modules\/sliders\/slider\"\n\t\t\t>\n\t\t<div class=\"tf_swiper-wrapper tf_lazy tf_rel tf_w tf_h tf_textc\">\n\t                     <div class=\"tf_swiper-slide\">            <div class=\"slide-inner-wrap\">\n                                    <div class=\"tf_rel tf_lazy slide-image\">\n                                                                            <img src=\"data:image\/svg+xml,%3Csvg xmlns=%27http:\/\/www.w3.org\/2000\/svg%27%20width='2560'%20height='1920'%20 viewBox=%270 0 2560 1920%27%3E%3C\/svg%3E\" loading=\"lazy\" data-lazy=\"1\" data-tf-not-load=\"1\" class=\"tf_svg_lazy\" style=\"background:linear-gradient(to right,#6a5d4a 25%,#b39a71 25% 50%,#bc9f73 50% 75%,#b59e74 75%),linear-gradient(to right,#695437 25%,#a28e69 25% 50%,#b48156 50% 75%,#9f8960 75%),linear-gradient(to right,#b6a587 25%,#1f1f21 25% 50%,#1f1f21 50% 75%,#bead8f 75%),linear-gradient(to right,#baaa89 25%,#c7c7c5 25% 50%,#232a47 50% 75%,#d5c39d 75%)\" decoding=\"async\" data-tf-src=\"http:\/\/unlienversoi.com\/wp-content\/uploads\/2019\/12\/IMG_20190717_083700-scaled.jpg\" width=\"2560\" height=\"1920\" title=\"Accueil\" alt=\"Accueil\"><noscript><img loading=\"lazy\" decoding=\"async\" data-tf-not-load data-no-script src=\"http:\/\/unlienversoi.com\/wp-content\/uploads\/2019\/12\/IMG_20190717_083700-scaled.jpg\" width=\"2560\" height=\"1920\" title=\"Accueil\" alt=\"Accueil\"><\/noscript>                                            <\/div>\n                \n                            <\/div>\n        <\/div>                     <div class=\"tf_swiper-slide\" style=\"content-visibility:hidden\">            <div class=\"slide-inner-wrap\">\n                                    <div class=\"tf_rel tf_lazy slide-image\">\n                                                                            <img src=\"data:image\/svg+xml,%3Csvg xmlns=%27http:\/\/www.w3.org\/2000\/svg%27%20width='2560'%20height='1536'%20 viewBox=%270 0 2560 1536%27%3E%3C\/svg%3E\" loading=\"lazy\" data-lazy=\"1\" data-tf-not-load=\"1\" class=\"tf_svg_lazy\" style=\"background:linear-gradient(to right,#48514c 25%,#668fbd 25% 50%,#5786bc 50% 75%,#6a95ca 75%),linear-gradient(to right,#636557 25%,#edefee 25% 50%,#363b3f 50% 75%,#636363 75%),linear-gradient(to right,#333424 25%,#cbc9cc 25% 50%,#c8c7c3 50% 75%,#55553d 75%),linear-gradient(to right,#434f0f 25%,#424d09 25% 50%,#475a56 50% 75%,#586261 75%)\" decoding=\"async\" data-tf-src=\"http:\/\/unlienversoi.com\/wp-content\/uploads\/2020\/01\/20190708_142913.jpg\" width=\"2560\" height=\"1536\" title=\"Accueil\" alt=\"Accueil\"><noscript><img loading=\"lazy\" decoding=\"async\" data-tf-not-load data-no-script src=\"http:\/\/unlienversoi.com\/wp-content\/uploads\/2020\/01\/20190708_142913.jpg\" width=\"2560\" height=\"1536\" title=\"Accueil\" alt=\"Accueil\"><\/noscript>                                            <\/div>\n                \n                            <\/div>\n        <\/div>    \t    <\/div>\n    <\/div>\n<\/div>\n<!-- module text -->\n<div  class=\"module module-text tb_thwn12   \" data-lazy=\"1\">\n\t<h3 class=\"module-title\">Marianne Simon<\/h3>    <div  class=\"tb_text_wrap\">\n\t\t<p>Danseuse professionnelle dans plusieurs compagnies fran\u00e7aises et \u00e9trang\u00e8res.<br \/>Dipl\u00f4mes de prof de danse contemporaine (2000), de yoga (2017), de massage (2010) et de pratique d&#8217;ateliers philosophiques aupr\u00e8s des enfants (2019).\u00a0 <br \/>Passionn\u00e9e de th\u00e9\u00e2tre, de chant, d&#8217;arts martiaux et de voyages&#8230;<\/p>\n<p>Le monde du corps et de l&#8217;esprit est pour moi une source de vie, que j&#8217;aime partager.<\/p>\n<p>Je vous propose :<\/p>\n<p style=\"padding-left: 40px;\"><a href=\"http:\/\/unlienversoi.com\/index.php\/page-d-exemple-2\/\"><span style=\"color: #ff6600;\">Cours de Yoga \/ Danse<\/span><\/a><\/p>\n<p style=\"padding-left: 40px;\"><span style=\"color: #ff6600;\"><a style=\"color: #ff6600;\" href=\"http:\/\/unlienversoi.com\/index.php\/enfants\/\">Ateliers enfants<\/a><\/span><\/p>    <\/div>\n<\/div>\n<!-- \/module text --><!-- module text -->\n<div  class=\"module module-text tb_0v5422   \" data-lazy=\"1\">\n\t    <div  class=\"tb_text_wrap\">\n\t\t<div><hr \/><\/div>\n<div>Du 17 au 21 juillet 2023 \u00e0 Saix dans le Tarn<\/div>\n<h3>STAGE YOGA, CHANT, DANSE\u00a0<\/h3>\n<div>Une semaine pour se recharger par les pratiques dans un lieu agr\u00e9able.<\/div>\n<p>Pour plus d&#8217;infos t\u00e9l\u00e9chargez <span style=\"color: #ff6600;\"><a style=\"color: #ff6600;\" href=\"http:\/\/unlienversoi.com\/wp-content\/uploads\/2023\/03\/fly_stage_juillet.pdf\">le flyer<\/a>.<\/span><\/p>\n<hr \/>\n<p>\u00a0<\/p>    <\/div>\n<\/div>\n<!-- \/module text -->\t\t<\/div>\n\t\t\t\t\t\t<\/div>\n\t\t<\/div>\n\t\t<\/div>\n<!--\/themify_builder_content-->\n\n\n<p><\/p>","protected":false},"excerpt":{"rendered":"","protected":false},"author":1,"featured_media":0,"parent":0,"menu_order":0,"comment_status":"closed","ping_status":"closed","template":"","meta":{"footnotes":""},"builder_content":"<img src=\"data:image\/svg+xml,%3Csvg xmlns=%27http:\/\/www.w3.org\/2000\/svg%27%20width='2560'%20height='1920'%20 viewBox=%270 0 2560 1920%27%3E%3C\/svg%3E\" loading=\"lazy\" data-lazy=\"1\" data-tf-not-load=\"1\" style=\"background:linear-gradient(to right,#6a5d4a 25%,#b39a71 25% 50%,#bc9f73 50% 75%,#b59e74 75%),linear-gradient(to right,#695437 25%,#a28e69 25% 50%,#b48156 50% 75%,#9f8960 75%),linear-gradient(to right,#b6a587 25%,#1f1f21 25% 50%,#1f1f21 50% 75%,#bead8f 75%),linear-gradient(to right,#baaa89 25%,#c7c7c5 25% 50%,#232a47 50% 75%,#d5c39d 75%)\" decoding=\"async\" data-tf-src=\"http:\/\/unlienversoi.com\/wp-content\/uploads\/2019\/12\/IMG_20190717_083700-scaled.jpg\" width=\"2560\" height=\"1920\" title=\"Accueil\" alt=\"Accueil\"><noscript><img data-tf-not-load data-no-script src=\"http:\/\/unlienversoi.com\/wp-content\/uploads\/2019\/12\/IMG_20190717_083700-scaled.jpg\" width=\"2560\" height=\"1920\" title=\"Accueil\" alt=\"Accueil\"><\/noscript> <img src=\"data:image\/svg+xml,%3Csvg xmlns=%27http:\/\/www.w3.org\/2000\/svg%27%20width='2560'%20height='1536'%20 viewBox=%270 0 2560 1536%27%3E%3C\/svg%3E\" loading=\"lazy\" data-lazy=\"1\" data-tf-not-load=\"1\" style=\"background:linear-gradient(to right,#48514c 25%,#668fbd 25% 50%,#5786bc 50% 75%,#6a95ca 75%),linear-gradient(to right,#636557 25%,#edefee 25% 50%,#363b3f 50% 75%,#636363 75%),linear-gradient(to right,#333424 25%,#cbc9cc 25% 50%,#c8c7c3 50% 75%,#55553d 75%),linear-gradient(to right,#434f0f 25%,#424d09 25% 50%,#475a56 50% 75%,#586261 75%)\" decoding=\"async\" data-tf-src=\"http:\/\/unlienversoi.com\/wp-content\/uploads\/2020\/01\/20190708_142913.jpg\" width=\"2560\" height=\"1536\" title=\"Accueil\" alt=\"Accueil\"><noscript><img data-tf-not-load data-no-script src=\"http:\/\/unlienversoi.com\/wp-content\/uploads\/2020\/01\/20190708_142913.jpg\" width=\"2560\" height=\"1536\" title=\"Accueil\" alt=\"Accueil\"><\/noscript>\n<h3>Marianne Simon<\/h3> <p>Danseuse professionnelle dans plusieurs compagnies fran\u00e7aises et \u00e9trang\u00e8res.<br \/>Dipl\u00f4mes de prof de danse contemporaine (2000), de yoga (2017), de massage (2010) et de pratique d'ateliers philosophiques aupr\u00e8s des enfants (2019).\u00a0 <br \/>Passionn\u00e9e de th\u00e9\u00e2tre, de chant, d'arts martiaux et de voyages...<\/p> <p>Le monde du corps et de l'esprit est pour moi une source de vie, que j'aime partager.<\/p> <p>Je vous propose :<\/p> <p style=\"padding-left: 40px;\"><a href=\"http:\/\/unlienversoi.com\/index.php\/page-d-exemple-2\/\">Cours de Yoga \/ Danse<\/a><\/p> <p style=\"padding-left: 40px;\"><a style=\"color: #ff6600;\" href=\"http:\/\/unlienversoi.com\/index.php\/enfants\/\">Ateliers enfants<\/a><\/p>\n<hr \/> Du 17 au 21 juillet 2023 \u00e0 Saix dans le Tarn <h3>STAGE YOGA, CHANT, DANSE\u00a0<\/h3> Une semaine pour se recharger par les pratiques dans un lieu agr\u00e9able. <p>Pour plus d'infos t\u00e9l\u00e9chargez <a style=\"color: #ff6600;\" href=\"http:\/\/unlienversoi.com\/wp-content\/uploads\/2023\/03\/fly_stage_juillet.pdf\">le flyer<\/a>.<\/p> <hr \/> <p>\u00a0<\/p>","_links":{"self":[{"href":"https:\/\/unlienversoi.com\/index.php\/wp-json\/wp\/v2\/pages\/121"}],"collection":[{"href":"https:\/\/unlienversoi.com\/index.php\/wp-json\/wp\/v2\/pages"}],"about":[{"href":"https:\/\/unlienversoi.com\/index.php\/wp-json\/wp\/v2\/types\/page"}],"author":[{"embeddable":true,"href":"https:\/\/unlienversoi.com\/index.php\/wp-json\/wp\/v2\/users\/1"}],"replies":[{"embeddable":true,"href":"https:\/\/unlienversoi.com\/index.php\/wp-json\/wp\/v2\/comments?post=121"}],"version-history":[{"count":27,"href":"https:\/\/unlienversoi.com\/index.php\/wp-json\/wp\/v2\/pages\/121\/revisions"}],"predecessor-version":[{"id":315,"href":"https:\/\/unlienversoi.com\/index.php\/wp-json\/wp\/v2\/pages\/121\/revisions\/315"}],"wp:attachment":[{"href":"https:\/\/unlienversoi.com\/index.php\/wp-json\/wp\/v2\/media?parent=121"}],"curies":[{"name":"wp","href":"https:\/\/api.w.org\/{rel}","templated":true}]}}