{"id":141,"date":"2020-01-31T12:43:51","date_gmt":"2020-01-31T11:43:51","guid":{"rendered":"http:\/\/unlienversoi.com\/?page_id=141"},"modified":"2022-09-12T21:58:17","modified_gmt":"2022-09-12T19:58:17","slug":"massages","status":"publish","type":"page","link":"https:\/\/unlienversoi.com\/index.php\/massages\/","title":{"rendered":"Massages"},"content":{"rendered":"<!--themify_builder_content-->\n<div id=\"themify_builder_content-141\" data-postid=\"141\" class=\"themify_builder_content themify_builder_content-141 themify_builder tf_clear\">\n    \t\t\t\t<div  data-lazy=\"1\" class=\"module_row themify_builder_row tb_88mm924 tb_first tf_w\">\n\t\t\t\t\t\t<div class=\"row_inner col_align_top tb_col_count_1 tf_box tf_rel\">\n\t\t\t\t\t\t<div  data-lazy=\"1\" class=\"module_column tb-column col-full tb_29o8924 first\">\n\t\t\t\t\t<!-- module image -->\n<div  class=\"module module-image tb_2h45445 image-top rounded  tf_mw\" data-lazy=\"1\">\n        <div class=\"image-wrap tf_rel tf_mw\">\n\t\t    <img loading=\"lazy\" decoding=\"async\" src=\"http:\/\/unlienversoi.com\/wp-content\/uploads\/2020\/01\/massage-3795693_1920.jpg\" width=\"1920\" height=\"1280\" title=\"Massages\" alt=\"Massages\">\t\n\t\t<\/div>\n\t<!-- \/image-wrap -->\n    \n    \t<\/div>\n<!-- \/module image --><!-- module text -->\n<div  class=\"module module-text tb_mc6c449   \" data-lazy=\"1\">\n\t<h3 class=\"module-title\">Massages<\/h3>    <div  class=\"tb_text_wrap\">\n\t\t<p>C&#8217;est apr\u00e8s avoir appris et pratiqu\u00e9 de nombreux massages diff\u00e9rents que j&#8217;ai pu \u00e9laborer ma propre technique. Issu du Monde entier, cet art du toucher qui apporte un soulagement sans \u00e9gal, au corps ainsi qu&#8217;au mental, vous permettra de prendre uns temps pour vous dans la d\u00e9tente et le lacher prise.<\/p><p>Je m&#8217;adapte \u00e0 chacun.e proposant une massage sur-mesure \u00e0 l&#8217;\u00e9coute de la personne et de son v\u00e9cu.<\/p>    <\/div>\n<\/div>\n<!-- \/module text --><!-- module text -->\n<div  class=\"module module-text tb_u95c708   \" data-lazy=\"1\">\n\t    <div  class=\"tb_text_wrap\">\n\t\t<hr \/>\n<p><strong>MASSAGE SUR TABLE aux huiles vierges et huiles essentielles BIO.<\/strong><\/p>\n<p>D\u00e9tente, bien \u00eatre, \u00e9vacuation des n\u0153uds et tensions, circulation des \u00e9nergies pour sentir son corps vivant et l\u00e9ger de la pointe des cheveux jusqu&#8217;au bout des orteils !<br \/>Dans la yourte ou \u00e0 domicile (suppl\u00e9ment pour le d\u00e9placement)<br \/><strong>R\u00e9servation au 06 15 43 71 44<\/strong><\/p>\n<p>TARIF<br \/>30mn &#8211; 20 \u20ac<br \/>1h &#8211; 40 \u20ac<br \/>1h30 &#8211; 60 \u20ac<\/p>\n<hr \/>\n<p><strong>MASSAGE AMMA, assis, sur chaise adapt\u00e9e.<\/strong><br \/>Pour des \u00e9v\u00e9nements particuliers, sur des march\u00e9s, salons du bien \u00eatre, festivals&#8230;<\/p>\n<p>TARIF<br \/>20mn 10 \u20ac<\/p>\n<p>Massages \u00e0 but non th\u00e9rapeutique.<\/p>\n<p><a href=\"http:\/\/unlienversoi.com\/\">&lt; RETOUR<\/a><\/p>    <\/div>\n<\/div>\n<!-- \/module text -->\t\t<\/div>\n\t\t\t\t\t\t<\/div>\n\t\t<\/div>\n\t\t<\/div>\n<!--\/themify_builder_content-->","protected":false},"excerpt":{"rendered":"<p>C&#8217;est apr\u00e8s avoir appris et pratiqu\u00e9 de nombreux massages diff\u00e9rents que j&#8217;ai pu \u00e9laborer ma propre technique. Issu du Monde entier, cet art du toucher qui apporte un soulagement sans \u00e9gal, au corps ainsi qu&#8217;au mental, vous permettra de prendre uns temps pour vous dans la d\u00e9tente et le lacher prise.Je m&#8217;adapte \u00e0 chacun.e proposant [&hellip;]<\/p>\n","protected":false},"author":1,"featured_media":0,"parent":0,"menu_order":0,"comment_status":"closed","ping_status":"closed","template":"","meta":{"footnotes":""},"builder_content":"<img src=\"http:\/\/unlienversoi.com\/wp-content\/uploads\/2020\/01\/massage-3795693_1920.jpg\" width=\"1920\" height=\"1280\" title=\"Massages\" alt=\"Massages\">\n<h3>Massages<\/h3> <p>C'est apr\u00e8s avoir appris et pratiqu\u00e9 de nombreux massages diff\u00e9rents que j'ai pu \u00e9laborer ma propre technique. Issu du Monde entier, cet art du toucher qui apporte un soulagement sans \u00e9gal, au corps ainsi qu'au mental, vous permettra de prendre uns temps pour vous dans la d\u00e9tente et le lacher prise.<\/p><p>Je m'adapte \u00e0 chacun.e proposant une massage sur-mesure \u00e0 l'\u00e9coute de la personne et de son v\u00e9cu.<\/p>\n<hr \/> <p><strong>MASSAGE SUR TABLE aux huiles vierges et huiles essentielles BIO.<\/strong><\/p> <p>D\u00e9tente, bien \u00eatre, \u00e9vacuation des n\u0153uds et tensions, circulation des \u00e9nergies pour sentir son corps vivant et l\u00e9ger de la pointe des cheveux jusqu'au bout des orteils !<br \/>Dans la yourte ou \u00e0 domicile (suppl\u00e9ment pour le d\u00e9placement)<br \/><strong>R\u00e9servation au 06 15 43 71 44<\/strong><\/p> <p>TARIF<br \/>30mn - 20 \u20ac<br \/>1h - 40 \u20ac<br \/>1h30 - 60 \u20ac<\/p> <hr \/> <p><strong>MASSAGE AMMA, assis, sur chaise adapt\u00e9e.<\/strong><br \/>Pour des \u00e9v\u00e9nements particuliers, sur des march\u00e9s, salons du bien \u00eatre, festivals...<\/p> <p>TARIF<br \/>20mn 10 \u20ac<\/p> <p>Massages \u00e0 but non th\u00e9rapeutique.<\/p> <p><a href=\"http:\/\/unlienversoi.com\/\">&lt; RETOUR<\/a><\/p>","_links":{"self":[{"href":"https:\/\/unlienversoi.com\/index.php\/wp-json\/wp\/v2\/pages\/141"}],"collection":[{"href":"https:\/\/unlienversoi.com\/index.php\/wp-json\/wp\/v2\/pages"}],"about":[{"href":"https:\/\/unlienversoi.com\/index.php\/wp-json\/wp\/v2\/types\/page"}],"author":[{"embeddable":true,"href":"https:\/\/unlienversoi.com\/index.php\/wp-json\/wp\/v2\/users\/1"}],"replies":[{"embeddable":true,"href":"https:\/\/unlienversoi.com\/index.php\/wp-json\/wp\/v2\/comments?post=141"}],"version-history":[{"count":13,"href":"https:\/\/unlienversoi.com\/index.php\/wp-json\/wp\/v2\/pages\/141\/revisions"}],"predecessor-version":[{"id":305,"href":"https:\/\/unlienversoi.com\/index.php\/wp-json\/wp\/v2\/pages\/141\/revisions\/305"}],"wp:attachment":[{"href":"https:\/\/unlienversoi.com\/index.php\/wp-json\/wp\/v2\/media?parent=141"}],"curies":[{"name":"wp","href":"https:\/\/api.w.org\/{rel}","templated":true}]}}